{"id":251,"date":"2023-11-07T13:23:25","date_gmt":"2023-11-07T16:23:25","guid":{"rendered":"https:\/\/lgpd.uepa.br\/?page_id=251"},"modified":"2024-11-18T08:01:51","modified_gmt":"2024-11-18T11:01:51","slug":"capacitacao","status":"publish","type":"page","link":"https:\/\/lgpd.uepa.br\/index.php\/capacitacao\/","title":{"rendered":"Capacita\u00e7\u00e3o"},"content":{"rendered":"\n<p class=\"has-text-align-left\"><a href=\"https:\/\/www.ev.org.br\/cursos\/lei-geral-de-protecao-de-dados-lgpd\" data-type=\"link\" data-id=\"https:\/\/www.ev.org.br\/cursos\/lei-geral-de-protecao-de-dados-lgpd\">Lei Geral de Prote\u00e7\u00e3o de Dados (LGPD) (carga-hor\u00e1ria de 2 horas)<\/a> <\/p>\n\n\n\n<p><a href=\"https:\/\/www.escolavirtual.gov.br\/curso\/153\" data-type=\"link\" data-id=\"https:\/\/www.escolavirtual.gov.br\/curso\/153\">Introdu\u00e7\u00e3o \u00e0 Lei Brasileira de Prote\u00e7\u00e3o de Dados (carga-hor\u00e1ria de 10 horas)<\/a><\/p>\n\n\n\n<p><a href=\"https:\/\/www.escolavirtual.gov.br\/curso\/603\" data-type=\"link\" data-id=\"https:\/\/www.escolavirtual.gov.br\/curso\/603\">Fundamentos da Lei Geral de Prote\u00e7\u00e3o de Dados (carga-hor\u00e1ria de 15 horas)<\/a><\/p>\n\n\n\n<p><a href=\"https:\/\/www.escolavirtual.gov.br\/curso\/529\" data-type=\"link\" data-id=\"https:\/\/www.escolavirtual.gov.br\/curso\/529\">Como implementar a LGPD: bases, mecanismos e processos (carga-hor\u00e1ria de 30 horas)<\/a><\/p>\n\n\n\n<p><a href=\"https:\/\/www.escolavirtual.gov.br\/curso\/1256\" data-type=\"link\" data-id=\"https:\/\/www.escolavirtual.gov.br\/curso\/529\">Seguran\u00e7a para Todos (carga-h\u00f3r\u00e1ria de 24 horas)<\/a><\/p>\n\n\n\n<div class=\"wp-block-uagb-container uagb-block-95459d6d alignfull uagb-is-root-container\"><div class=\"uagb-container-inner-blocks-wrap\"><\/div><\/div>\n","protected":false},"excerpt":{"rendered":"<p>Lei Geral de Prote\u00e7\u00e3o de Dados (LGPD) (carga-hor\u00e1ria de 2 horas) Introdu\u00e7\u00e3o \u00e0 Lei Brasileira de Prote\u00e7\u00e3o de Dados (carga-hor\u00e1ria de 10 horas) Fundamentos da Lei Geral de Prote\u00e7\u00e3o de Dados (carga-hor\u00e1ria de 15 horas) Como implementar a LGPD: bases, mecanismos e processos (carga-hor\u00e1ria de 30 horas) Seguran\u00e7a para Todos (carga-h\u00f3r\u00e1ria de 24 horas)<\/p>\n","protected":false},"author":3,"featured_media":0,"parent":0,"menu_order":0,"comment_status":"closed","ping_status":"closed","template":"","meta":{"_uag_custom_page_level_css":"","site-sidebar-layout":"default","site-content-layout":"","ast-site-content-layout":"default","site-content-style":"default","site-sidebar-style":"default","ast-global-header-display":"","ast-banner-title-visibility":"","ast-main-header-display":"","ast-hfb-above-header-display":"","ast-hfb-below-header-display":"","ast-hfb-mobile-header-display":"","site-post-title":"","ast-breadcrumbs-content":"","ast-featured-img":"","footer-sml-layout":"","theme-transparent-header-meta":"","adv-header-id-meta":"","stick-header-meta":"","header-above-stick-meta":"","header-main-stick-meta":"","header-below-stick-meta":"","astra-migrate-meta-layouts":"set","ast-page-background-enabled":"default","ast-page-background-meta":{"desktop":{"background-color":"var(--ast-global-color-4)","background-image":"","background-repeat":"repeat","background-position":"center center","background-size":"auto","background-attachment":"scroll","background-type":"","background-media":"","overlay-type":"","overlay-color":"","overlay-gradient":""},"tablet":{"background-color":"","background-image":"","background-repeat":"repeat","background-position":"center center","background-size":"auto","background-attachment":"scroll","background-type":"","background-media":"","overlay-type":"","overlay-color":"","overlay-gradient":""},"mobile":{"background-color":"","background-image":"","background-repeat":"repeat","background-position":"center center","background-size":"auto","background-attachment":"scroll","background-type":"","background-media":"","overlay-type":"","overlay-color":"","overlay-gradient":""}},"ast-content-background-meta":{"desktop":{"background-color":"var(--ast-global-color-5)","background-image":"","background-repeat":"repeat","background-position":"center center","background-size":"auto","background-attachment":"scroll","background-type":"","background-media":"","overlay-type":"","overlay-color":"","overlay-gradient":""},"tablet":{"background-color":"var(--ast-global-color-5)","background-image":"","background-repeat":"repeat","background-position":"center center","background-size":"auto","background-attachment":"scroll","background-type":"","background-media":"","overlay-type":"","overlay-color":"","overlay-gradient":""},"mobile":{"background-color":"var(--ast-global-color-5)","background-image":"","background-repeat":"repeat","background-position":"center center","background-size":"auto","background-attachment":"scroll","background-type":"","background-media":"","overlay-type":"","overlay-color":"","overlay-gradient":""}},"footnotes":""},"class_list":["post-251","page","type-page","status-publish","hentry"],"uagb_featured_image_src":{"full":false,"thumbnail":false,"medium":false,"medium_large":false,"large":false,"1536x1536":false,"2048x2048":false},"uagb_author_info":{"display_name":"jeferson.martins@uepa.br","author_link":"https:\/\/lgpd.uepa.br\/index.php\/author\/jeferson-martinsuepa-br\/"},"uagb_comment_info":0,"uagb_excerpt":"Lei Geral de Prote\u00e7\u00e3o de Dados (LGPD) (carga-hor\u00e1ria de 2 horas) Introdu\u00e7\u00e3o \u00e0 Lei Brasileira de Prote\u00e7\u00e3o de Dados (carga-hor\u00e1ria de 10 horas) Fundamentos da Lei Geral de Prote\u00e7\u00e3o de Dados (carga-hor\u00e1ria de 15 horas) Como implementar a LGPD: bases, mecanismos e processos (carga-hor\u00e1ria de 30 horas) Seguran\u00e7a para Todos (carga-h\u00f3r\u00e1ria de 24 horas)","_links":{"self":[{"href":"https:\/\/lgpd.uepa.br\/index.php\/wp-json\/wp\/v2\/pages\/251","targetHints":{"allow":["GET"]}}],"collection":[{"href":"https:\/\/lgpd.uepa.br\/index.php\/wp-json\/wp\/v2\/pages"}],"about":[{"href":"https:\/\/lgpd.uepa.br\/index.php\/wp-json\/wp\/v2\/types\/page"}],"author":[{"embeddable":true,"href":"https:\/\/lgpd.uepa.br\/index.php\/wp-json\/wp\/v2\/users\/3"}],"replies":[{"embeddable":true,"href":"https:\/\/lgpd.uepa.br\/index.php\/wp-json\/wp\/v2\/comments?post=251"}],"version-history":[{"count":8,"href":"https:\/\/lgpd.uepa.br\/index.php\/wp-json\/wp\/v2\/pages\/251\/revisions"}],"predecessor-version":[{"id":334,"href":"https:\/\/lgpd.uepa.br\/index.php\/wp-json\/wp\/v2\/pages\/251\/revisions\/334"}],"wp:attachment":[{"href":"https:\/\/lgpd.uepa.br\/index.php\/wp-json\/wp\/v2\/media?parent=251"}],"curies":[{"name":"wp","href":"https:\/\/api.w.org\/{rel}","templated":true}]}}