{"id":309,"date":"2024-10-18T15:20:05","date_gmt":"2024-10-18T18:20:05","guid":{"rendered":"https:\/\/lgpd.uepa.br\/?page_id=309"},"modified":"2025-10-01T08:02:16","modified_gmt":"2025-10-01T11:02:16","slug":"publicacoes","status":"publish","type":"page","link":"https:\/\/lgpd.uepa.br\/index.php\/publicacoes\/","title":{"rendered":"Publica\u00e7\u00f5es"},"content":{"rendered":"\n<p>Pol\u00edtica Institucional de Prote\u00e7\u00e3o de Dados Pessoais | <a href=\"https:\/\/lgpd.uepa.br\/wp-content\/uploads\/2024\/10\/Resolucao-4204-Assinada.pdf\" data-type=\"link\" data-id=\"https:\/\/lgpd.uepa.br\/wp-content\/uploads\/2024\/10\/Resolucao-4204-Assinada.pdf\" target=\"_blank\" rel=\"noreferrer noopener\">Resolu\u00e7\u00e3o 4202\/24-CONSUN<\/a> | <a href=\"https:\/\/lgpd.uepa.br\/wp-content\/uploads\/2024\/10\/PIPDP_2024.10.23.DOE_.pdf\" data-type=\"link\" data-id=\"https:\/\/lgpd.uepa.br\/wp-content\/uploads\/2024\/10\/PIPDP_2024.10.23.DOE_.pdf\" target=\"_blank\" rel=\"noreferrer noopener\"> IOEPA <\/a>|<\/p>\n\n\n\n<p>Avalia\u00e7\u00e3o da implementa\u00e7\u00e3o da LGPD na UEPA | <a href=\"https:\/\/lgpd.uepa.br\/wp-content\/uploads\/2025\/10\/Download.pdf\" data-type=\"link\" data-id=\"https:\/\/lgpd.uepa.br\/wp-content\/uploads\/2025\/10\/Download.pdf\">Resultado da Fiscaliza\u00e7\u00e3o do TCE\/TCU<\/a><\/p>\n","protected":false},"excerpt":{"rendered":"<p>Pol\u00edtica Institucional de Prote\u00e7\u00e3o de Dados Pessoais | Resolu\u00e7\u00e3o 4202\/24-CONSUN | IOEPA | Avalia\u00e7\u00e3o da implementa\u00e7\u00e3o da LGPD na UEPA | Resultado da Fiscaliza\u00e7\u00e3o do TCE\/TCU<\/p>\n","protected":false},"author":1,"featured_media":0,"parent":0,"menu_order":0,"comment_status":"closed","ping_status":"closed","template":"","meta":{"_uag_custom_page_level_css":"","site-sidebar-layout":"default","site-content-layout":"","ast-site-content-layout":"default","site-content-style":"default","site-sidebar-style":"default","ast-global-header-display":"","ast-banner-title-visibility":"","ast-main-header-display":"","ast-hfb-above-header-display":"","ast-hfb-below-header-display":"","ast-hfb-mobile-header-display":"","site-post-title":"","ast-breadcrumbs-content":"","ast-featured-img":"","footer-sml-layout":"","theme-transparent-header-meta":"","adv-header-id-meta":"","stick-header-meta":"","header-above-stick-meta":"","header-main-stick-meta":"","header-below-stick-meta":"","astra-migrate-meta-layouts":"set","ast-page-background-enabled":"default","ast-page-background-meta":{"desktop":{"background-color":"var(--ast-global-color-4)","background-image":"","background-repeat":"repeat","background-position":"center center","background-size":"auto","background-attachment":"scroll","background-type":"","background-media":"","overlay-type":"","overlay-color":"","overlay-gradient":""},"tablet":{"background-color":"","background-image":"","background-repeat":"repeat","background-position":"center center","background-size":"auto","background-attachment":"scroll","background-type":"","background-media":"","overlay-type":"","overlay-color":"","overlay-gradient":""},"mobile":{"background-color":"","background-image":"","background-repeat":"repeat","background-position":"center center","background-size":"auto","background-attachment":"scroll","background-type":"","background-media":"","overlay-type":"","overlay-color":"","overlay-gradient":""}},"ast-content-background-meta":{"desktop":{"background-color":"var(--ast-global-color-5)","background-image":"","background-repeat":"repeat","background-position":"center center","background-size":"auto","background-attachment":"scroll","background-type":"","background-media":"","overlay-type":"","overlay-color":"","overlay-gradient":""},"tablet":{"background-color":"var(--ast-global-color-5)","background-image":"","background-repeat":"repeat","background-position":"center center","background-size":"auto","background-attachment":"scroll","background-type":"","background-media":"","overlay-type":"","overlay-color":"","overlay-gradient":""},"mobile":{"background-color":"var(--ast-global-color-5)","background-image":"","background-repeat":"repeat","background-position":"center center","background-size":"auto","background-attachment":"scroll","background-type":"","background-media":"","overlay-type":"","overlay-color":"","overlay-gradient":""}},"footnotes":""},"class_list":["post-309","page","type-page","status-publish","hentry"],"uagb_featured_image_src":{"full":false,"thumbnail":false,"medium":false,"medium_large":false,"large":false,"1536x1536":false,"2048x2048":false},"uagb_author_info":{"display_name":"adminsites@uepa.br","author_link":"https:\/\/lgpd.uepa.br\/index.php\/author\/adminsitesuepa-br\/"},"uagb_comment_info":0,"uagb_excerpt":"Pol\u00edtica Institucional de Prote\u00e7\u00e3o de Dados Pessoais | Resolu\u00e7\u00e3o 4202\/24-CONSUN | IOEPA | Avalia\u00e7\u00e3o da implementa\u00e7\u00e3o da LGPD na UEPA | Resultado da Fiscaliza\u00e7\u00e3o do TCE\/TCU","_links":{"self":[{"href":"https:\/\/lgpd.uepa.br\/index.php\/wp-json\/wp\/v2\/pages\/309","targetHints":{"allow":["GET"]}}],"collection":[{"href":"https:\/\/lgpd.uepa.br\/index.php\/wp-json\/wp\/v2\/pages"}],"about":[{"href":"https:\/\/lgpd.uepa.br\/index.php\/wp-json\/wp\/v2\/types\/page"}],"author":[{"embeddable":true,"href":"https:\/\/lgpd.uepa.br\/index.php\/wp-json\/wp\/v2\/users\/1"}],"replies":[{"embeddable":true,"href":"https:\/\/lgpd.uepa.br\/index.php\/wp-json\/wp\/v2\/comments?post=309"}],"version-history":[{"count":13,"href":"https:\/\/lgpd.uepa.br\/index.php\/wp-json\/wp\/v2\/pages\/309\/revisions"}],"predecessor-version":[{"id":340,"href":"https:\/\/lgpd.uepa.br\/index.php\/wp-json\/wp\/v2\/pages\/309\/revisions\/340"}],"wp:attachment":[{"href":"https:\/\/lgpd.uepa.br\/index.php\/wp-json\/wp\/v2\/media?parent=309"}],"curies":[{"name":"wp","href":"https:\/\/api.w.org\/{rel}","templated":true}]}}