{"id":81,"date":"2023-07-05T18:49:48","date_gmt":"2023-07-05T21:49:48","guid":{"rendered":"https:\/\/lgpd.uepa.br\/?page_id=81"},"modified":"2024-10-18T16:23:08","modified_gmt":"2024-10-18T19:23:08","slug":"equipe-envolvida","status":"publish","type":"page","link":"https:\/\/lgpd.uepa.br\/index.php\/equipe-envolvida\/","title":{"rendered":"Comiss\u00e3o Permanente"},"content":{"rendered":"\n<div class=\"wp-block-uagb-container uagb-block-77d9f41e alignfull uagb-is-root-container\"><div class=\"uagb-container-inner-blocks-wrap\">\n<div id=\"equipe-1\" class=\"wp-block-uagb-container uagb-block-0103ec7b\">\n<div class=\"wp-block-uagb-container uagb-block-b4444f2f\">\n<div class=\"wp-block-uagb-advanced-heading uagb-block-169261e3\"><h4 class=\"uagb-heading-text\">Secret\u00e1rio<\/h4><\/div>\n\n\n\n<div class=\"wp-block-uagb-advanced-heading uagb-block-de445ee0\"><h6 class=\"uagb-heading-text\">Erick Lima &#8211; DGP<\/h6><\/div>\n<\/div>\n\n\n\n<div class=\"wp-block-uagb-container uagb-block-455a0d79\">\n<div class=\"wp-block-uagb-advanced-heading uagb-block-84e8519f\"><h4 class=\"uagb-heading-text\">Presidente<\/h4><\/div>\n\n\n\n<div class=\"wp-block-uagb-advanced-heading uagb-block-a43b6bdf\"><h6 class=\"uagb-heading-text\">Dimitra Branco &#8211; DGP<\/h6><\/div>\n<\/div>\n\n\n\n<div class=\"wp-block-uagb-container uagb-block-e84d1412\">\n<div class=\"wp-block-uagb-advanced-heading uagb-block-50e6584f\"><h4 class=\"uagb-heading-text\">Encarregado de Dados Pessoais<\/h4><\/div>\n\n\n\n<div class=\"wp-block-uagb-advanced-heading uagb-block-3e36f579\"><h6 class=\"uagb-heading-text\">Jeferson M Gomes &#8211; DSPD<\/h6><\/div>\n<\/div>\n<\/div>\n\n\n\n<div id=\"equipe-1\" class=\"wp-block-uagb-container uagb-block-e782c162\">\n<div class=\"wp-block-uagb-container uagb-block-bc81985e\">\n<div class=\"wp-block-uagb-advanced-heading uagb-block-3325a980\"><h4 class=\"uagb-heading-text\">Membros<\/h4><\/div>\n\n\n\n<div class=\"wp-block-uagb-advanced-heading uagb-block-797fc940\"><h6 class=\"uagb-heading-text\">Adonai Lima &#8211; CCNT<\/h6><\/div>\n\n\n\n<div class=\"wp-block-uagb-advanced-heading uagb-block-cf1036d2\"><h6 class=\"uagb-heading-text\">Carlos Marques &#8211; CCBS<\/h6><\/div>\n\n\n\n<div class=\"wp-block-uagb-advanced-heading uagb-block-682144d2\"><h6 class=\"uagb-heading-text\">Reginaldo Ramos &#8211; PROJUR<\/h6><\/div>\n\n\n\n<div class=\"wp-block-uagb-advanced-heading uagb-block-2a61ba74\"><h6 class=\"uagb-heading-text\">Janilda Silva &#8211; DAS\/Arquivo Geral<\/h6><\/div>\n\n\n\n<div class=\"wp-block-uagb-advanced-heading uagb-block-9fc6bbc9\"><h6 class=\"uagb-heading-text\">Jos\u00e9 Castanho &#8211; DSPD\/DAA<\/h6><\/div>\n\n\n\n<div class=\"wp-block-uagb-advanced-heading uagb-block-75f25a2a\"><h6 class=\"uagb-heading-text\">L\u00eddia Cardoso &#8211; PROPESP<\/h6><\/div>\n\n\n\n<div class=\"wp-block-uagb-advanced-heading uagb-block-ba6ade9a\"><h6 class=\"uagb-heading-text\">Leonardo Moura &#8211; CCSE<\/h6><\/div>\n\n\n\n<div class=\"wp-block-uagb-advanced-heading uagb-block-66239fbb\"><h6 class=\"uagb-heading-text\">Mayara Souza &#8211; PROEX<\/h6><\/div>\n<\/div>\n<\/div>\n<\/div><\/div>\n\n\n\n<div data-wp-interactive=\"core\/file\" class=\"wp-block-file\"><object data-wp-bind--hidden=\"!state.hasPdfPreview\" hidden class=\"wp-block-file__embed\" data=\"https:\/\/lgpd.uepa.br\/wp-content\/uploads\/2024\/06\/Portaria-de-nomeacao-do-encarregado-da-Comissao.pdf\" type=\"application\/pdf\" style=\"width:100%;height:600px\" aria-label=\"Incorporado de Portaria de nomea\u00e7\u00e3o do encarregado da Comiss\u00e3o.\"><\/object><a id=\"wp-block-file--media-63c061b4-5123-4160-b23a-015b71f519c7\" href=\"https:\/\/lgpd.uepa.br\/wp-content\/uploads\/2024\/06\/Portaria-de-nomeacao-do-encarregado-da-Comissao.pdf\">Portaria de nomea\u00e7\u00e3o do encarregado da Comiss\u00e3o<\/a><a href=\"https:\/\/lgpd.uepa.br\/wp-content\/uploads\/2024\/06\/Portaria-de-nomeacao-do-encarregado-da-Comissao.pdf\" class=\"wp-block-file__button wp-element-button\" download aria-describedby=\"wp-block-file--media-63c061b4-5123-4160-b23a-015b71f519c7\">Baixar<\/a><\/div>\n\n\n\n<p><\/p>\n","protected":false},"excerpt":{"rendered":"<p>Secret\u00e1rio Erick Lima &#8211; DGP Presidente Dimitra Branco &#8211; DGP Encarregado de Dados Pessoais Jeferson M Gomes &#8211; DSPD Membros Adonai Lima &#8211; CCNT Carlos Marques &#8211; CCBS Reginaldo Ramos &#8211; PROJUR Janilda Silva &#8211; DAS\/Arquivo Geral Jos\u00e9 Castanho &#8211; DSPD\/DAA L\u00eddia Cardoso &#8211; PROPESP Leonardo Moura &#8211; CCSE Mayara Souza &#8211; PROEX<\/p>\n","protected":false},"author":1,"featured_media":0,"parent":0,"menu_order":0,"comment_status":"closed","ping_status":"closed","template":"","meta":{"_uag_custom_page_level_css":"","site-sidebar-layout":"default","site-content-layout":"","ast-site-content-layout":"default","site-content-style":"default","site-sidebar-style":"default","ast-global-header-display":"","ast-banner-title-visibility":"","ast-main-header-display":"","ast-hfb-above-header-display":"","ast-hfb-below-header-display":"","ast-hfb-mobile-header-display":"","site-post-title":"","ast-breadcrumbs-content":"","ast-featured-img":"","footer-sml-layout":"","theme-transparent-header-meta":"","adv-header-id-meta":"","stick-header-meta":"","header-above-stick-meta":"","header-main-stick-meta":"","header-below-stick-meta":"","astra-migrate-meta-layouts":"set","ast-page-background-enabled":"default","ast-page-background-meta":{"desktop":{"background-color":"var(--ast-global-color-4)","background-image":"","background-repeat":"repeat","background-position":"center center","background-size":"auto","background-attachment":"scroll","background-type":"","background-media":"","overlay-type":"","overlay-color":"","overlay-gradient":""},"tablet":{"background-color":"","background-image":"","background-repeat":"repeat","background-position":"center center","background-size":"auto","background-attachment":"scroll","background-type":"","background-media":"","overlay-type":"","overlay-color":"","overlay-gradient":""},"mobile":{"background-color":"","background-image":"","background-repeat":"repeat","background-position":"center center","background-size":"auto","background-attachment":"scroll","background-type":"","background-media":"","overlay-type":"","overlay-color":"","overlay-gradient":""}},"ast-content-background-meta":{"desktop":{"background-color":"var(--ast-global-color-5)","background-image":"","background-repeat":"repeat","background-position":"center center","background-size":"auto","background-attachment":"scroll","background-type":"","background-media":"","overlay-type":"","overlay-color":"","overlay-gradient":""},"tablet":{"background-color":"var(--ast-global-color-5)","background-image":"","background-repeat":"repeat","background-position":"center center","background-size":"auto","background-attachment":"scroll","background-type":"","background-media":"","overlay-type":"","overlay-color":"","overlay-gradient":""},"mobile":{"background-color":"var(--ast-global-color-5)","background-image":"","background-repeat":"repeat","background-position":"center center","background-size":"auto","background-attachment":"scroll","background-type":"","background-media":"","overlay-type":"","overlay-color":"","overlay-gradient":""}},"footnotes":""},"class_list":["post-81","page","type-page","status-publish","hentry"],"uagb_featured_image_src":{"full":false,"thumbnail":false,"medium":false,"medium_large":false,"large":false,"1536x1536":false,"2048x2048":false},"uagb_author_info":{"display_name":"adminsites@uepa.br","author_link":"https:\/\/lgpd.uepa.br\/index.php\/author\/adminsitesuepa-br\/"},"uagb_comment_info":0,"uagb_excerpt":"Secret\u00e1rio Erick Lima &#8211; DGP Presidente Dimitra Branco &#8211; DGP Encarregado de Dados Pessoais Jeferson M Gomes &#8211; DSPD Membros Adonai Lima &#8211; CCNT Carlos Marques &#8211; CCBS Reginaldo Ramos &#8211; PROJUR Janilda Silva &#8211; DAS\/Arquivo Geral Jos\u00e9 Castanho &#8211; DSPD\/DAA L\u00eddia Cardoso &#8211; PROPESP Leonardo Moura &#8211; CCSE Mayara Souza &#8211; PROEX","_links":{"self":[{"href":"https:\/\/lgpd.uepa.br\/index.php\/wp-json\/wp\/v2\/pages\/81","targetHints":{"allow":["GET"]}}],"collection":[{"href":"https:\/\/lgpd.uepa.br\/index.php\/wp-json\/wp\/v2\/pages"}],"about":[{"href":"https:\/\/lgpd.uepa.br\/index.php\/wp-json\/wp\/v2\/types\/page"}],"author":[{"embeddable":true,"href":"https:\/\/lgpd.uepa.br\/index.php\/wp-json\/wp\/v2\/users\/1"}],"replies":[{"embeddable":true,"href":"https:\/\/lgpd.uepa.br\/index.php\/wp-json\/wp\/v2\/comments?post=81"}],"version-history":[{"count":15,"href":"https:\/\/lgpd.uepa.br\/index.php\/wp-json\/wp\/v2\/pages\/81\/revisions"}],"predecessor-version":[{"id":316,"href":"https:\/\/lgpd.uepa.br\/index.php\/wp-json\/wp\/v2\/pages\/81\/revisions\/316"}],"wp:attachment":[{"href":"https:\/\/lgpd.uepa.br\/index.php\/wp-json\/wp\/v2\/media?parent=81"}],"curies":[{"name":"wp","href":"https:\/\/api.w.org\/{rel}","templated":true}]}}